{"id":1140,"date":"2023-03-06T16:36:03","date_gmt":"2023-03-06T16:36:03","guid":{"rendered":"https:\/\/glosalia.cromamedia.com\/?page_id=1140"},"modified":"2023-10-13T06:23:40","modified_gmt":"2023-10-13T06:23:40","slug":"politica-de-cookies","status":"publish","type":"page","link":"https:\/\/glosalia.com\/ca\/politica-de-cookies\/","title":{"rendered":"Pol\u00edtica de cookies"},"content":{"rendered":"<div class=\"fusion-fullwidth fullwidth-box fusion-builder-row-1 fusion-flex-container has-pattern-background has-mask-background nonhundred-percent-fullwidth non-hundred-percent-height-scrolling\" style=\"--awb-border-radius-top-left:0px;--awb-border-radius-top-right:0px;--awb-border-radius-bottom-right:0px;--awb-border-radius-bottom-left:0px;--awb-flex-wrap:wrap;\" ><div class=\"fusion-builder-row fusion-row fusion-flex-align-items-flex-start fusion-flex-content-wrap\" style=\"max-width:1404px;margin-left: calc(-4% \/ 2 );margin-right: calc(-4% \/ 2 );\"><div class=\"fusion-layout-column fusion_builder_column fusion-builder-column-0 fusion_builder_column_1_1 1_1 fusion-flex-column\" style=\"--awb-bg-size:cover;--awb-width-large:100%;--awb-margin-top-large:0px;--awb-spacing-right-large:1.92%;--awb-margin-bottom-large:20px;--awb-spacing-left-large:1.92%;--awb-width-medium:100%;--awb-order-medium:0;--awb-spacing-right-medium:1.92%;--awb-spacing-left-medium:1.92%;--awb-width-small:100%;--awb-order-small:0;--awb-spacing-right-small:1.92%;--awb-spacing-left-small:1.92%;\"><div class=\"fusion-column-wrapper fusion-column-has-shadow fusion-flex-justify-content-flex-start fusion-content-layout-column\"><div class=\"fusion-text fusion-text-1\"><p>Les cookies s\u00f3n petits arxius de text emmagatzemats en el seu navegador quan utilitza els llocs web o aplicacions (app&#8217;s). Pot controlar com s&#8217;utilitzen aquestes cookies mitjan\u00e7ant la configuraci\u00f3 dels ajustos en la privacitat de el navegador (veure ajuda de el navegador per obtenir m\u00e9s informaci\u00f3 sobre el control de cookies). Tingueu en compte que si es desactiva totalment les cookies, els llocs web i de les aplicacions de GLOSALIA, \u00e9s possible que no funcionin correctament.<\/p>\n<p>GLOSALIA i les empreses que ens ajuden a administrar els nostres negocis fan \u00fas de cookies de diferents maneres, per exemple:<\/p>\n<ul>\n<li>Autenticar i identificar els usuaris dels llocs i en les nostres aplicacions perqu\u00e8 puguem oferir els serveis requerits.<\/li>\n<li>Recordar les prefer\u00e8ncies de l&#8217;usuari.<\/li>\n<li>Mesurar l&#8217;\u00fas dels llocs web per part de l&#8217;usuari perqu\u00e8 puguem millorar-les, personalitzar els llocs web i serveis en l\u00ednia basat en els interessos de l&#8217;usuari i la realitzaci\u00f3 d&#8217;estudis de mercat.<\/li>\n<li>Analitzar els h\u00e0bits de navegaci\u00f3 dels usuaris per a proporcionar missatges m\u00e9s personalitzats i \/ o espec\u00edfics.<\/li>\n<\/ul>\n<h3>Tecnologies similars per galetes<\/h3>\n<p>Des d&#8217;un punt de vista t\u00e8cnic, les cookies es diuen \u00abcookies HTTP\u00bb. Hi ha altres tecnologies que poden utilitzar per a fins similars, com ara emmagatzematge local d&#8217;HTML5. Per autenticar els usuaris, realitzar un seguiment de la informaci\u00f3 proporcionada pels usuaris i recordar les prefer\u00e8ncies de l&#8217;usuari.<\/p>\n<h3>Comptadors de visites web i scripts incrustats<\/h3>\n<p>Comptadors de visites web i scripts incrustats s\u00f3n altres tecnologies que utilitzem en els nostres llocs web ia les nostres aplicacions, i en alguns dels nostres correus electr\u00f2nics i els nostres missatges.<\/p>\n<p>Comptadors de visita (o \u00abtag\u00bb) es componen de codi de programaci\u00f3 senzill incrustats en p\u00e0gines web, correus electr\u00f2nics i missatges que es comuniquen amb GLOSALIA (O empreses que ens ajuden a portar el nostre negoci), quan aquest tipus de p\u00e0gines web, correus electr\u00f2nics o missatges han visualitzat es fa clic en ells.<\/p>\n<p>Els scripts incrustats programen codi dins d&#8217;algunes de les nostres p\u00e0gines per mesurar la manera d&#8217;\u00fas dels mateixos, per exemple, els enlla\u00e7os que utilitza. Utilitzem aquesta informaci\u00f3 per millorar els nostres llocs web i els serveis en l\u00ednia, per adaptar-la als interessos dels potencials usuaris i per dur a terme estudis de mercat. Els usuaris poden desactivar les caracter\u00edstiques de seq\u00fc\u00e8ncia, com ara JavaScript, al navegador (veure funci\u00f3 d&#8217;ajuda de el navegador). Recordeu que si desactiva les capacitats de scripting, alguns llocs web i de les aplicacions de GLOSALIA pot no funcionar.<\/p>\n<h3>Navegador de control per bloquejar les cookies<\/h3>\n<p>La majoria dels navegadors accepten cookies autom\u00e0ticament, per\u00f2 es pot canviar la configuraci\u00f3 de el navegador per bloquejar les cookies. Per exemple, a Internet Explorer 11, les cookies poden ser bloquejades amb el seg\u00fcent procediment:<\/p>\n<p>1. Feu clic a <strong>\u00abEines\u00bb<\/strong> i seleccioneu <strong>\u00abOpcions d&#8217;Internet\u00bb.<\/strong><br \/>\n2. Seleccioneu la pestanya <strong>\u00abPrivadesa\u00bb<\/strong> a la part superior de la finestra.<br \/>\n3. Moure el cursor cap amunt o avall per seleccionar els tipus de cookies per ser bloquejat.<\/p>\n<p>Les instruccions per bloquejar les cookies en altres navegadors estan disponibles a la secci\u00f3 de privacitat de cada navegador.<\/p>\n<p>Recordeu que si decideix bloquejar les cookies, no podr\u00e0 accedir o utilitzar altres funcions interactives dels llocs i serveis de GLOSALIA basada en cookies.<\/p>\n<h3>Navegador de control per esborrar les cookies<\/h3>\n<p>Si accepta les cookies, m\u00e9s tard les pot eliminar. Per exemple, a Google Chrome les cookies es poden eliminar mitjan\u00e7ant el seg\u00fcent procediment:<\/p>\n<p>1. Obre Chrome al teu ordinador.<br \/>\n2. Ves a la part superior dreta i feu clic a <strong>\u00abM\u00e9s\u00bb.<\/strong><br \/>\n3. Fes clic a <strong>\u00abM\u00e9s eines&gt; Elimina dades de navegaci\u00f3\u00bb.<\/strong><br \/>\n4. A la part superior, tria un interval de temps. Per esborrar totes les dades, selecciona <strong>\u00abTots els per\u00edodes\u00bb.<\/strong><br \/>\n5. Marca les caselles al costat de <strong>\u00abCookies i altres dades de llocs\u00bb<\/strong> i <strong>\u00abArxius i imatges emmagatzemats en mem\u00f2ria cau\u00bb.<\/strong><br \/>\n6. Feu clic a <strong>\u00abNeteja les dades\u00bb.<\/strong><\/p>\n<p>Les instruccions per esborrar les cookies en altres navegadors estan disponibles a la<strong> \u201cdeclaraci\u00f3 de privacitat\u201d<\/strong> de cada navegador.<\/p>\n<p>Si elimina les cookies, les configuracions i prefer\u00e8ncies controlades per aquestes, incloent prefer\u00e8ncies de publicitat, seran eliminades.<\/p>\n<h3>Controls anal\u00edtics de tercers<\/h3>\n<p>Com es descriu en detall m\u00e9s endavant, molts llocs web i serveis en l\u00ednia de GLOSALIA i altres empreses, que utilitzen els serveis d&#8217;an\u00e0lisi amb les cookies de tercers i comptadors web per recopilar estad\u00edstiques globals respecte a l&#8217;efectivitat de les campanyes promocionals o altres operacions de el lloc web. L&#8217;usuari pot rebutjar el recull o l&#8217;\u00fas de les dades fent clic al seg\u00fcent enlla\u00e7:<br \/>\nGoogle Analytics: <a href=\"http:\/\/tools.google.com\/dlpage\/gaoptout\" target=\"_blank\" rel=\"noopener\">http:\/\/tools.google.com\/dlpage\/gaoptout<\/a> (requereix la instal\u00b7laci\u00f3 d&#8217;un complement de el navegador)<\/p>\n<h3>Les cookies i adreces IP<\/h3>\n<p>Podem obtenir dades sobre el seu ordinador, incloent quan sigui possible, la seva adre\u00e7a d&#8217;IP, sistema operatiu i tipus de navegador, per als nostres sistemes de gesti\u00f3. Aquestes dades s&#8217;utilitzen per a compilar estad\u00edstiques sobre les accions realitzades durant la navegaci\u00f3 pels usuaris i no requereixen cap tipus d&#8217;identificaci\u00f3. Per la mateixa ra\u00f3, podem obtenir informaci\u00f3 sobre el seu \u00fas general d&#8217;Internet mitjan\u00e7ant l&#8217;\u00fas d&#8217;una cookie que s&#8217;emmagatzema en el disc dur de l&#8217;ordinador. Les cookies contenen certa informaci\u00f3 que es transfereix a el disc dur del seu ordinador i ens ajuda a millorar el nostre lloc web i proporcionar un servei millor i personalitzat. En resum, ens permeten:<\/p>\n<ul>\n<li>Fer una estimaci\u00f3 general de la quantitat dels nostres visitants i com utilitzar el nostre lloc.<\/li>\n<li>Recon\u00e8ixer quan torni al nostre lloc.<\/li>\n<li>Emmagatzemar informaci\u00f3 sobre les seves prefer\u00e8ncies per tal de personalitzar el nostre lloc d&#8217;acord als seus interessos.<\/li>\n<li>Accelerar les seves recerques.<\/li>\n<li>A m\u00e9s, permetem que alguns tercers recopilin les cookies utilitzades a la nostra p\u00e0gina web.Aix\u00ed doncs, les cookies ens permeten:<\/li>\n<li>Con\u00e8ixer la primera i \u00faltima p\u00e0gina que visita i el nombre total de visites al lloc web<\/li>\n<li>Con\u00e8ixer quant de temps passa en cadascuna de les p\u00e0gines del nostre lloc web.<\/li>\n<li>Con\u00e8ixer com sigui usat aquest lloc web.<\/li>\n<li>Con\u00e8ixer com s&#8217;ha connectat, incloent qualsevol cerca per paraula clau, la informaci\u00f3 de l&#8217;motor de cerca o refer\u00e8ncies.<\/li>\n<\/ul>\n<h3>Restricci\u00f3 o bloqueig de cookies<\/h3>\n<p>Per restringir o bloquejar les cookies utilitzades per aquest lloc web, si us plau utilitzi el <a class=\"cky-banner-element\" href=\"#\"><u>Gestor de prefer\u00e8ncies de les Cookies<\/u><\/a><\/p>\n<p>Recordeu que si limita l&#8217;\u00fas de cookies d&#8217;aquest lloc web, podria disminuir la seva funcionalitat i facilitat d&#8217;\u00fas.<\/p>\n<\/div><\/div><\/div><\/div><\/div>\n","protected":false},"excerpt":{"rendered":"","protected":false},"author":2,"featured_media":0,"parent":0,"menu_order":0,"comment_status":"closed","ping_status":"closed","template":"100-width.php","meta":{"footnotes":""},"class_list":["post-1140","page","type-page","status-publish","hentry"],"yoast_head":"<!-- This site is optimized with the Yoast SEO plugin v27.3 - https:\/\/yoast.com\/product\/yoast-seo-wordpress\/ -->\n<title>Pol\u00edtica de cookies - Glosalia<\/title>\n<meta name=\"robots\" content=\"index, follow, max-snippet:-1, max-image-preview:large, max-video-preview:-1\" \/>\n<link rel=\"canonical\" href=\"https:\/\/glosalia.com\/politica-de-cookies\/\" \/>\n<meta property=\"og:locale\" content=\"ca_ES\" \/>\n<meta property=\"og:type\" content=\"article\" \/>\n<meta property=\"og:title\" content=\"Pol\u00edtica de cookies - Glosalia\" \/>\n<meta property=\"og:url\" content=\"https:\/\/glosalia.com\/politica-de-cookies\/\" \/>\n<meta property=\"og:site_name\" content=\"Glosalia\" \/>\n<meta property=\"article:modified_time\" content=\"2023-10-13T06:23:40+00:00\" \/>\n<meta name=\"twitter:card\" content=\"summary_large_image\" \/>\n<meta name=\"twitter:label1\" content=\"Temps estimat de lectura\" \/>\n\t<meta name=\"twitter:data1\" content=\"5 minuts\" \/>\n<script type=\"application\/ld+json\" class=\"yoast-schema-graph\">{\"@context\":\"https:\\\/\\\/schema.org\",\"@graph\":[{\"@type\":\"WebPage\",\"@id\":\"https:\\\/\\\/glosalia.com\\\/politica-de-cookies\\\/\",\"url\":\"https:\\\/\\\/glosalia.com\\\/politica-de-cookies\\\/\",\"name\":\"Pol\u00edtica de cookies - Glosalia\",\"isPartOf\":{\"@id\":\"https:\\\/\\\/glosalia.com\\\/#website\"},\"datePublished\":\"2023-03-06T16:36:03+00:00\",\"dateModified\":\"2023-10-13T06:23:40+00:00\",\"breadcrumb\":{\"@id\":\"https:\\\/\\\/glosalia.com\\\/politica-de-cookies\\\/#breadcrumb\"},\"inLanguage\":\"ca\",\"potentialAction\":[{\"@type\":\"ReadAction\",\"target\":[\"https:\\\/\\\/glosalia.com\\\/politica-de-cookies\\\/\"]}]},{\"@type\":\"BreadcrumbList\",\"@id\":\"https:\\\/\\\/glosalia.com\\\/politica-de-cookies\\\/#breadcrumb\",\"itemListElement\":[{\"@type\":\"ListItem\",\"position\":1,\"name\":\"Portada\",\"item\":\"https:\\\/\\\/glosalia.com\\\/\"},{\"@type\":\"ListItem\",\"position\":2,\"name\":\"Pol\u00edtica de cookies\"}]},{\"@type\":\"WebSite\",\"@id\":\"https:\\\/\\\/glosalia.com\\\/#website\",\"url\":\"https:\\\/\\\/glosalia.com\\\/\",\"name\":\"Glosalia\",\"description\":\"\",\"potentialAction\":[{\"@type\":\"SearchAction\",\"target\":{\"@type\":\"EntryPoint\",\"urlTemplate\":\"https:\\\/\\\/glosalia.com\\\/?s={search_term_string}\"},\"query-input\":{\"@type\":\"PropertyValueSpecification\",\"valueRequired\":true,\"valueName\":\"search_term_string\"}}],\"inLanguage\":\"ca\"}]}<\/script>\n<!-- \/ Yoast SEO plugin. -->","yoast_head_json":{"title":"Pol\u00edtica de cookies - Glosalia","robots":{"index":"index","follow":"follow","max-snippet":"max-snippet:-1","max-image-preview":"max-image-preview:large","max-video-preview":"max-video-preview:-1"},"canonical":"https:\/\/glosalia.com\/politica-de-cookies\/","og_locale":"ca_ES","og_type":"article","og_title":"Pol\u00edtica de cookies - Glosalia","og_url":"https:\/\/glosalia.com\/politica-de-cookies\/","og_site_name":"Glosalia","article_modified_time":"2023-10-13T06:23:40+00:00","twitter_card":"summary_large_image","twitter_misc":{"Temps estimat de lectura":"5 minuts"},"schema":{"@context":"https:\/\/schema.org","@graph":[{"@type":"WebPage","@id":"https:\/\/glosalia.com\/politica-de-cookies\/","url":"https:\/\/glosalia.com\/politica-de-cookies\/","name":"Pol\u00edtica de cookies - Glosalia","isPartOf":{"@id":"https:\/\/glosalia.com\/#website"},"datePublished":"2023-03-06T16:36:03+00:00","dateModified":"2023-10-13T06:23:40+00:00","breadcrumb":{"@id":"https:\/\/glosalia.com\/politica-de-cookies\/#breadcrumb"},"inLanguage":"ca","potentialAction":[{"@type":"ReadAction","target":["https:\/\/glosalia.com\/politica-de-cookies\/"]}]},{"@type":"BreadcrumbList","@id":"https:\/\/glosalia.com\/politica-de-cookies\/#breadcrumb","itemListElement":[{"@type":"ListItem","position":1,"name":"Portada","item":"https:\/\/glosalia.com\/"},{"@type":"ListItem","position":2,"name":"Pol\u00edtica de cookies"}]},{"@type":"WebSite","@id":"https:\/\/glosalia.com\/#website","url":"https:\/\/glosalia.com\/","name":"Glosalia","description":"","potentialAction":[{"@type":"SearchAction","target":{"@type":"EntryPoint","urlTemplate":"https:\/\/glosalia.com\/?s={search_term_string}"},"query-input":{"@type":"PropertyValueSpecification","valueRequired":true,"valueName":"search_term_string"}}],"inLanguage":"ca"}]}},"_links":{"self":[{"href":"https:\/\/glosalia.com\/ca\/wp-json\/wp\/v2\/pages\/1140","targetHints":{"allow":["GET"]}}],"collection":[{"href":"https:\/\/glosalia.com\/ca\/wp-json\/wp\/v2\/pages"}],"about":[{"href":"https:\/\/glosalia.com\/ca\/wp-json\/wp\/v2\/types\/page"}],"author":[{"embeddable":true,"href":"https:\/\/glosalia.com\/ca\/wp-json\/wp\/v2\/users\/2"}],"replies":[{"embeddable":true,"href":"https:\/\/glosalia.com\/ca\/wp-json\/wp\/v2\/comments?post=1140"}],"version-history":[{"count":6,"href":"https:\/\/glosalia.com\/ca\/wp-json\/wp\/v2\/pages\/1140\/revisions"}],"predecessor-version":[{"id":1350,"href":"https:\/\/glosalia.com\/ca\/wp-json\/wp\/v2\/pages\/1140\/revisions\/1350"}],"wp:attachment":[{"href":"https:\/\/glosalia.com\/ca\/wp-json\/wp\/v2\/media?parent=1140"}],"curies":[{"name":"wp","href":"https:\/\/api.w.org\/{rel}","templated":true}]}}