{"id":566,"date":"2023-02-20T11:29:51","date_gmt":"2023-02-20T11:29:51","guid":{"rendered":"https:\/\/glosalia.cromamedia.com\/?page_id=566"},"modified":"2023-03-06T12:21:14","modified_gmt":"2023-03-06T12:21:14","slug":"traduccions-catala","status":"publish","type":"page","link":"https:\/\/glosalia.com\/ca\/idiomes\/traduccions-catala\/","title":{"rendered":"Traduccions catal\u00e0"},"content":{"rendered":"<p><div class=\"fusion-fullwidth fullwidth-box fusion-builder-row-1 fusion-flex-container has-pattern-background has-mask-background nonhundred-percent-fullwidth non-hundred-percent-height-scrolling\" style=\"--awb-border-radius-top-left:0px;--awb-border-radius-top-right:0px;--awb-border-radius-bottom-right:0px;--awb-border-radius-bottom-left:0px;--awb-flex-wrap:wrap;\" ><div class=\"fusion-builder-row fusion-row fusion-flex-align-items-flex-start fusion-flex-content-wrap\" style=\"max-width:1404px;margin-left: calc(-4% \/ 2 );margin-right: calc(-4% \/ 2 );\"><div class=\"fusion-layout-column fusion_builder_column fusion-builder-column-0 fusion_builder_column_1_2 1_2 fusion-flex-column\" style=\"--awb-bg-size:cover;--awb-width-large:50%;--awb-margin-top-large:0px;--awb-spacing-right-large:3.84%;--awb-margin-bottom-large:20px;--awb-spacing-left-large:3.84%;--awb-width-medium:50%;--awb-order-medium:0;--awb-spacing-right-medium:3.84%;--awb-spacing-left-medium:3.84%;--awb-width-small:100%;--awb-order-small:0;--awb-spacing-right-small:1.92%;--awb-spacing-left-small:1.92%;\"><div class=\"fusion-column-wrapper fusion-column-has-shadow fusion-flex-justify-content-flex-start fusion-content-layout-column\"><div class=\"fusion-text fusion-text-1\"><h2>Necessites un traductor de catal\u00e0?<\/h2>\n<p>Oferim<strong> traduccions catal\u00e0<\/strong> castell\u00e0 i traduccions castell\u00e0 catal\u00e0 a preus molt competitius i amb totes les garanties que ofereix treballar exclusivament amb traductors titulats (no fem servir traducci\u00f3 autom\u00e0tica). Tamb\u00e9 oferim<a href=\"https:\/\/glosalia.com\/ca\/serveis\/traductors-jurats\/\"> traduccions jurades de catal\u00e0<\/a>, realitzades per traductors acreditats per la Generalitat de Catalunya, aix\u00ed com traduccions d\u2019altres idiomes (angl\u00e8s, franc\u00e8s, alemany, xin\u00e8s, etc.) cap al catal\u00e0 i viceversa.<\/p>\n<p>El catal\u00e0 \u00e9s una llengua que compta amb uns 8 milions de parlants i que comprenen prop de 10,5 milions de persones a Espanya, Fran\u00e7a, Andorra i It\u00e0lia. T\u00e9 unes caracter\u00edstiques ling\u00fc\u00edstiques que el diferencien de les lleng\u00fces rom\u00e0niques ve\u00efnes i que va anar incorporant amb l\u2019evoluci\u00f3 local i peculiar del llat\u00ed vulgar fins al que actualment es coneix com a llengua catalana.<\/p>\n<p>Sol\u00b7licita un\u00a0<a href=\"https:\/\/glosalia.com\/ca\/contacte\/\">pressupost gratu\u00eft de traducci\u00f3<\/a> de catal\u00e0 o consulta les nostres <a href=\"https:\/\/glosalia.com\/ca\/tarifes-de-traduccio\/\">tarifes de traducci\u00f3.<\/a><\/p>\n<\/div><\/div><\/div><div class=\"fusion-layout-column fusion_builder_column fusion-builder-column-1 fusion_builder_column_1_2 1_2 fusion-flex-column\" style=\"--awb-bg-size:cover;--awb-width-large:50%;--awb-margin-top-large:0px;--awb-spacing-right-large:3.84%;--awb-margin-bottom-large:20px;--awb-spacing-left-large:3.84%;--awb-width-medium:50%;--awb-order-medium:0;--awb-spacing-right-medium:3.84%;--awb-spacing-left-medium:3.84%;--awb-width-small:100%;--awb-order-small:0;--awb-spacing-right-small:1.92%;--awb-spacing-left-small:1.92%;\"><div class=\"fusion-column-wrapper fusion-column-has-shadow fusion-flex-justify-content-flex-start fusion-content-layout-column\"><div class=\"fusion-image-element \" style=\"--awb-caption-title-font-family:var(--h2_typography-font-family);--awb-caption-title-font-weight:var(--h2_typography-font-weight);--awb-caption-title-font-style:var(--h2_typography-font-style);--awb-caption-title-size:var(--h2_typography-font-size);--awb-caption-title-transform:var(--h2_typography-text-transform);--awb-caption-title-line-height:var(--h2_typography-line-height);--awb-caption-title-letter-spacing:var(--h2_typography-letter-spacing);\"><span class=\" fusion-imageframe imageframe-none imageframe-1 hover-type-zoomin\"><img decoding=\"async\" width=\"612\" height=\"399\" title=\"imgcat\" src=\"https:\/\/glosalia.com\/wp-content\/uploads\/2023\/02\/imgcat.jpg\" alt class=\"img-responsive wp-image-468\" srcset=\"https:\/\/glosalia.com\/wp-content\/uploads\/2023\/02\/imgcat-200x130.jpg 200w, https:\/\/glosalia.com\/wp-content\/uploads\/2023\/02\/imgcat-400x261.jpg 400w, https:\/\/glosalia.com\/wp-content\/uploads\/2023\/02\/imgcat-600x391.jpg 600w, https:\/\/glosalia.com\/wp-content\/uploads\/2023\/02\/imgcat.jpg 612w\" sizes=\"(max-width: 640px) 100vw, 612px\" \/><\/span><\/div><\/div><\/div><\/div><\/div><div class=\"fusion-fullwidth fullwidth-box fusion-builder-row-2 fusion-flex-container has-pattern-background has-mask-background nonhundred-percent-fullwidth non-hundred-percent-height-scrolling\" style=\"--awb-border-radius-top-left:0px;--awb-border-radius-top-right:0px;--awb-border-radius-bottom-right:0px;--awb-border-radius-bottom-left:0px;--awb-padding-top:0%;--awb-margin-top:0%;--awb-background-color:var(--awb-color1);--awb-flex-wrap:wrap;\" ><div class=\"fusion-builder-row fusion-row fusion-flex-align-items-center fusion-flex-justify-content-center fusion-flex-content-wrap\" style=\"max-width:1404px;margin-left: calc(-4% \/ 2 );margin-right: calc(-4% \/ 2 );\"><div class=\"fusion-layout-column fusion_builder_column fusion-builder-column-2 fusion_builder_column_1_1 1_1 fusion-flex-column\" style=\"--awb-padding-top:2%;--awb-padding-right:4%;--awb-padding-bottom:4%;--awb-padding-left:4%;--awb-bg-color:#ededed;--awb-bg-color-hover:#ededed;--awb-bg-size:cover;--awb-width-large:100%;--awb-margin-top-large:0px;--awb-spacing-right-large:1.92%;--awb-margin-bottom-large:20px;--awb-spacing-left-large:1.92%;--awb-width-medium:100%;--awb-order-medium:0;--awb-spacing-right-medium:1.92%;--awb-spacing-left-medium:1.92%;--awb-width-small:100%;--awb-order-small:0;--awb-spacing-right-small:1.92%;--awb-spacing-left-small:1.92%;\"><div class=\"fusion-column-wrapper fusion-column-has-shadow fusion-flex-justify-content-flex-start fusion-content-layout-column\"><div class=\"fusion-text fusion-text-2\"><h3 style=\"text-align: center;\">\u00bfVols que t\u2019enviem un pressupost en menys d\u2019una hora?<\/h3>\n<\/div><div style=\"text-align:center;\"><a class=\"fusion-button button-flat button-medium button-default fusion-button-default button-1 fusion-button-default-span fusion-button-default-type\" target=\"_self\" href=\"https:\/\/glosalia.com\/ca\/contacte\/\"><span class=\"fusion-button-text awb-button__text awb-button__text--default\">PRESSUPOST GRATU\u00cfT<\/span><\/a><\/div><\/div><\/div><\/div><\/div>\n<\/p>\n","protected":false},"excerpt":{"rendered":"","protected":false},"author":2,"featured_media":0,"parent":553,"menu_order":0,"comment_status":"closed","ping_status":"closed","template":"100-width.php","meta":{"footnotes":""},"class_list":["post-566","page","type-page","status-publish","hentry"],"yoast_head":"<!-- This site is optimized with the Yoast SEO plugin v27.3 - https:\/\/yoast.com\/product\/yoast-seo-wordpress\/ -->\n<title>Traduccions catal\u00e0 - Glosalia<\/title>\n<meta name=\"robots\" content=\"index, follow, max-snippet:-1, max-image-preview:large, max-video-preview:-1\" \/>\n<link rel=\"canonical\" href=\"https:\/\/glosalia.com\/idiomas-de-traduccion\/traduccion-de-catalan\/\" \/>\n<meta property=\"og:locale\" content=\"ca_ES\" \/>\n<meta property=\"og:type\" content=\"article\" \/>\n<meta property=\"og:title\" content=\"Traduccions catal\u00e0 - Glosalia\" \/>\n<meta property=\"og:url\" content=\"https:\/\/glosalia.com\/idiomas-de-traduccion\/traduccion-de-catalan\/\" \/>\n<meta property=\"og:site_name\" content=\"Glosalia\" \/>\n<meta property=\"article:modified_time\" content=\"2023-03-06T12:21:14+00:00\" \/>\n<meta name=\"twitter:card\" content=\"summary_large_image\" \/>\n<meta name=\"twitter:label1\" content=\"Temps estimat de lectura\" \/>\n\t<meta name=\"twitter:data1\" content=\"8 minuts\" \/>\n<script type=\"application\/ld+json\" class=\"yoast-schema-graph\">{\"@context\":\"https:\\\/\\\/schema.org\",\"@graph\":[{\"@type\":\"WebPage\",\"@id\":\"https:\\\/\\\/glosalia.com\\\/idiomas-de-traduccion\\\/traduccion-de-catalan\\\/\",\"url\":\"https:\\\/\\\/glosalia.com\\\/idiomas-de-traduccion\\\/traduccion-de-catalan\\\/\",\"name\":\"Traduccions catal\u00e0 - Glosalia\",\"isPartOf\":{\"@id\":\"https:\\\/\\\/glosalia.com\\\/#website\"},\"datePublished\":\"2023-02-20T11:29:51+00:00\",\"dateModified\":\"2023-03-06T12:21:14+00:00\",\"breadcrumb\":{\"@id\":\"https:\\\/\\\/glosalia.com\\\/idiomas-de-traduccion\\\/traduccion-de-catalan\\\/#breadcrumb\"},\"inLanguage\":\"ca\",\"potentialAction\":[{\"@type\":\"ReadAction\",\"target\":[\"https:\\\/\\\/glosalia.com\\\/idiomas-de-traduccion\\\/traduccion-de-catalan\\\/\"]}]},{\"@type\":\"BreadcrumbList\",\"@id\":\"https:\\\/\\\/glosalia.com\\\/idiomas-de-traduccion\\\/traduccion-de-catalan\\\/#breadcrumb\",\"itemListElement\":[{\"@type\":\"ListItem\",\"position\":1,\"name\":\"Portada\",\"item\":\"https:\\\/\\\/glosalia.com\\\/\"},{\"@type\":\"ListItem\",\"position\":2,\"name\":\"Idiomes\",\"item\":\"https:\\\/\\\/glosalia.com\\\/idiomas-de-traduccion\\\/\"},{\"@type\":\"ListItem\",\"position\":3,\"name\":\"Traduccions catal\u00e0\"}]},{\"@type\":\"WebSite\",\"@id\":\"https:\\\/\\\/glosalia.com\\\/#website\",\"url\":\"https:\\\/\\\/glosalia.com\\\/\",\"name\":\"Glosalia\",\"description\":\"\",\"potentialAction\":[{\"@type\":\"SearchAction\",\"target\":{\"@type\":\"EntryPoint\",\"urlTemplate\":\"https:\\\/\\\/glosalia.com\\\/?s={search_term_string}\"},\"query-input\":{\"@type\":\"PropertyValueSpecification\",\"valueRequired\":true,\"valueName\":\"search_term_string\"}}],\"inLanguage\":\"ca\"}]}<\/script>\n<!-- \/ Yoast SEO plugin. -->","yoast_head_json":{"title":"Traduccions catal\u00e0 - Glosalia","robots":{"index":"index","follow":"follow","max-snippet":"max-snippet:-1","max-image-preview":"max-image-preview:large","max-video-preview":"max-video-preview:-1"},"canonical":"https:\/\/glosalia.com\/idiomas-de-traduccion\/traduccion-de-catalan\/","og_locale":"ca_ES","og_type":"article","og_title":"Traduccions catal\u00e0 - Glosalia","og_url":"https:\/\/glosalia.com\/idiomas-de-traduccion\/traduccion-de-catalan\/","og_site_name":"Glosalia","article_modified_time":"2023-03-06T12:21:14+00:00","twitter_card":"summary_large_image","twitter_misc":{"Temps estimat de lectura":"8 minuts"},"schema":{"@context":"https:\/\/schema.org","@graph":[{"@type":"WebPage","@id":"https:\/\/glosalia.com\/idiomas-de-traduccion\/traduccion-de-catalan\/","url":"https:\/\/glosalia.com\/idiomas-de-traduccion\/traduccion-de-catalan\/","name":"Traduccions catal\u00e0 - Glosalia","isPartOf":{"@id":"https:\/\/glosalia.com\/#website"},"datePublished":"2023-02-20T11:29:51+00:00","dateModified":"2023-03-06T12:21:14+00:00","breadcrumb":{"@id":"https:\/\/glosalia.com\/idiomas-de-traduccion\/traduccion-de-catalan\/#breadcrumb"},"inLanguage":"ca","potentialAction":[{"@type":"ReadAction","target":["https:\/\/glosalia.com\/idiomas-de-traduccion\/traduccion-de-catalan\/"]}]},{"@type":"BreadcrumbList","@id":"https:\/\/glosalia.com\/idiomas-de-traduccion\/traduccion-de-catalan\/#breadcrumb","itemListElement":[{"@type":"ListItem","position":1,"name":"Portada","item":"https:\/\/glosalia.com\/"},{"@type":"ListItem","position":2,"name":"Idiomes","item":"https:\/\/glosalia.com\/idiomas-de-traduccion\/"},{"@type":"ListItem","position":3,"name":"Traduccions catal\u00e0"}]},{"@type":"WebSite","@id":"https:\/\/glosalia.com\/#website","url":"https:\/\/glosalia.com\/","name":"Glosalia","description":"","potentialAction":[{"@type":"SearchAction","target":{"@type":"EntryPoint","urlTemplate":"https:\/\/glosalia.com\/?s={search_term_string}"},"query-input":{"@type":"PropertyValueSpecification","valueRequired":true,"valueName":"search_term_string"}}],"inLanguage":"ca"}]}},"_links":{"self":[{"href":"https:\/\/glosalia.com\/ca\/wp-json\/wp\/v2\/pages\/566","targetHints":{"allow":["GET"]}}],"collection":[{"href":"https:\/\/glosalia.com\/ca\/wp-json\/wp\/v2\/pages"}],"about":[{"href":"https:\/\/glosalia.com\/ca\/wp-json\/wp\/v2\/types\/page"}],"author":[{"embeddable":true,"href":"https:\/\/glosalia.com\/ca\/wp-json\/wp\/v2\/users\/2"}],"replies":[{"embeddable":true,"href":"https:\/\/glosalia.com\/ca\/wp-json\/wp\/v2\/comments?post=566"}],"version-history":[{"count":6,"href":"https:\/\/glosalia.com\/ca\/wp-json\/wp\/v2\/pages\/566\/revisions"}],"predecessor-version":[{"id":1102,"href":"https:\/\/glosalia.com\/ca\/wp-json\/wp\/v2\/pages\/566\/revisions\/1102"}],"up":[{"embeddable":true,"href":"https:\/\/glosalia.com\/ca\/wp-json\/wp\/v2\/pages\/553"}],"wp:attachment":[{"href":"https:\/\/glosalia.com\/ca\/wp-json\/wp\/v2\/media?parent=566"}],"curies":[{"name":"wp","href":"https:\/\/api.w.org\/{rel}","templated":true}]}}