{"id":588,"date":"2023-02-20T15:25:51","date_gmt":"2023-02-20T15:25:51","guid":{"rendered":"https:\/\/glosalia.cromamedia.com\/?page_id=588"},"modified":"2023-03-06T15:42:34","modified_gmt":"2023-03-06T15:42:34","slug":"traduccions-angles","status":"publish","type":"page","link":"https:\/\/glosalia.com\/ca\/idiomes\/traduccions-angles\/","title":{"rendered":"Traduccions angl\u00e8s"},"content":{"rendered":"<p><div class=\"fusion-fullwidth fullwidth-box fusion-builder-row-1 fusion-flex-container has-pattern-background has-mask-background nonhundred-percent-fullwidth non-hundred-percent-height-scrolling\" style=\"--awb-border-radius-top-left:0px;--awb-border-radius-top-right:0px;--awb-border-radius-bottom-right:0px;--awb-border-radius-bottom-left:0px;--awb-flex-wrap:wrap;\" ><div class=\"fusion-builder-row fusion-row fusion-flex-align-items-flex-start fusion-flex-content-wrap\" style=\"max-width:1404px;margin-left: calc(-4% \/ 2 );margin-right: calc(-4% \/ 2 );\"><div class=\"fusion-layout-column fusion_builder_column fusion-builder-column-0 fusion_builder_column_1_2 1_2 fusion-flex-column\" style=\"--awb-bg-size:cover;--awb-width-large:50%;--awb-margin-top-large:0px;--awb-spacing-right-large:3.84%;--awb-margin-bottom-large:20px;--awb-spacing-left-large:3.84%;--awb-width-medium:50%;--awb-order-medium:0;--awb-spacing-right-medium:3.84%;--awb-spacing-left-medium:3.84%;--awb-width-small:100%;--awb-order-small:0;--awb-spacing-right-small:1.92%;--awb-spacing-left-small:1.92%;\"><div class=\"fusion-column-wrapper fusion-column-has-shadow fusion-flex-justify-content-flex-start fusion-content-layout-column\"><div class=\"fusion-text fusion-text-1\"><h2>Necessites un traductor d\u2019angl\u00e8s?<\/h2>\n<p>Oferim<strong> traduccions angl\u00e8s<\/strong> espanyol i traduccions espanyol angl\u00e8s de tot tipus de documents (textos jur\u00eddics, t\u00e8cnics, comercials, m\u00e8dics, p\u00e0gines web, traduccions jurades, etc.). Es tracta de la combinaci\u00f3 m\u00e9s demanada a l\u2019actualitat, ra\u00f3 per la qual posem a la teva disposici\u00f3 un gran equip format \u00fanicament per traductors anglesos nadius que s\u2019encarregaran que ning\u00fa se n\u2019adoni que els teus textos no van ser redactats originalment en angl\u00e8s. Tamb\u00e9 disposem de <a href=\"https:\/\/glosalia.com\/ca\/serveis\/traductors-jurats\/\">traductors jurats<\/a> d\u2019angl\u00e8s, acreditats pel Ministeri d\u2019Afers Exteriors espanyol.<\/p>\n<p>L\u2019angl\u00e8s \u00e9s un idioma procedent del nord d\u2019Europa i d\u2019arrel germ\u00e0nica que es va desenvolupar a Anglaterra i es va difondre per les Illes Brit\u00e0niques i en moltes de les seves antigues col\u00f2nies. Es tracta del tercer idioma del m\u00f3n en nombre de parlants que el tenen com a llengua materna (uns 340 milions de persones), per\u00f2 el segon m\u00e9s parlat, per darrere nom\u00e9s del xin\u00e8s mandar\u00ed. En l\u2019actualitat \u00e9s el principal idioma de comunicaci\u00f3 internacional.<\/p>\n<p>Sol\u00b7licita un\u00a0<a href=\"https:\/\/glosalia.com\/ca\/contacte\/\">pressupost gratu\u00eft de traducci\u00f3<\/a> d&#8217;angl\u00e8s o consulta les nostres <a href=\"https:\/\/glosalia.com\/ca\/tarifes-de-traduccio\/\">tarifes de traducci\u00f3.<\/a><\/p>\n<\/div><\/div><\/div><div class=\"fusion-layout-column fusion_builder_column fusion-builder-column-1 fusion_builder_column_1_2 1_2 fusion-flex-column\" style=\"--awb-bg-size:cover;--awb-width-large:50%;--awb-margin-top-large:0px;--awb-spacing-right-large:3.84%;--awb-margin-bottom-large:20px;--awb-spacing-left-large:3.84%;--awb-width-medium:50%;--awb-order-medium:0;--awb-spacing-right-medium:3.84%;--awb-spacing-left-medium:3.84%;--awb-width-small:100%;--awb-order-small:0;--awb-spacing-right-small:1.92%;--awb-spacing-left-small:1.92%;\"><div class=\"fusion-column-wrapper fusion-column-has-shadow fusion-flex-justify-content-flex-start fusion-content-layout-column\"><div class=\"fusion-image-element \" style=\"--awb-caption-title-font-family:var(--h2_typography-font-family);--awb-caption-title-font-weight:var(--h2_typography-font-weight);--awb-caption-title-font-style:var(--h2_typography-font-style);--awb-caption-title-size:var(--h2_typography-font-size);--awb-caption-title-transform:var(--h2_typography-text-transform);--awb-caption-title-line-height:var(--h2_typography-line-height);--awb-caption-title-letter-spacing:var(--h2_typography-letter-spacing);\"><span class=\" fusion-imageframe imageframe-none imageframe-1 hover-type-zoomin\"><img decoding=\"async\" width=\"612\" height=\"399\" title=\"img\" src=\"https:\/\/glosalia.com\/wp-content\/uploads\/2023\/02\/img-4.jpg\" alt class=\"img-responsive wp-image-458\" srcset=\"https:\/\/glosalia.com\/wp-content\/uploads\/2023\/02\/img-4-200x130.jpg 200w, https:\/\/glosalia.com\/wp-content\/uploads\/2023\/02\/img-4-400x261.jpg 400w, https:\/\/glosalia.com\/wp-content\/uploads\/2023\/02\/img-4-600x391.jpg 600w, https:\/\/glosalia.com\/wp-content\/uploads\/2023\/02\/img-4.jpg 612w\" sizes=\"(max-width: 640px) 100vw, 612px\" \/><\/span><\/div><\/div><\/div><\/div><\/div><div class=\"fusion-fullwidth fullwidth-box fusion-builder-row-2 fusion-flex-container has-pattern-background has-mask-background nonhundred-percent-fullwidth non-hundred-percent-height-scrolling\" style=\"--awb-border-radius-top-left:0px;--awb-border-radius-top-right:0px;--awb-border-radius-bottom-right:0px;--awb-border-radius-bottom-left:0px;--awb-padding-top:0%;--awb-margin-top:0%;--awb-background-color:var(--awb-color1);--awb-flex-wrap:wrap;\" ><div class=\"fusion-builder-row fusion-row fusion-flex-align-items-center fusion-flex-justify-content-center fusion-flex-content-wrap\" style=\"max-width:1404px;margin-left: calc(-4% \/ 2 );margin-right: calc(-4% \/ 2 );\"><div class=\"fusion-layout-column fusion_builder_column fusion-builder-column-2 fusion_builder_column_1_1 1_1 fusion-flex-column\" style=\"--awb-padding-top:2%;--awb-padding-right:4%;--awb-padding-bottom:4%;--awb-padding-left:4%;--awb-bg-color:#ededed;--awb-bg-color-hover:#ededed;--awb-bg-size:cover;--awb-width-large:100%;--awb-margin-top-large:0px;--awb-spacing-right-large:1.92%;--awb-margin-bottom-large:20px;--awb-spacing-left-large:1.92%;--awb-width-medium:100%;--awb-order-medium:0;--awb-spacing-right-medium:1.92%;--awb-spacing-left-medium:1.92%;--awb-width-small:100%;--awb-order-small:0;--awb-spacing-right-small:1.92%;--awb-spacing-left-small:1.92%;\"><div class=\"fusion-column-wrapper fusion-column-has-shadow fusion-flex-justify-content-flex-start fusion-content-layout-column\"><div class=\"fusion-text fusion-text-2\"><h3 style=\"text-align: center;\">\u00bfVols que t\u2019enviem un pressupost en menys d\u2019una hora?<\/h3>\n<\/div><div style=\"text-align:center;\"><a class=\"fusion-button button-flat button-medium button-default fusion-button-default button-1 fusion-button-default-span fusion-button-default-type\" target=\"_self\" href=\"https:\/\/glosalia.com\/ca\/contacte\/\"><span class=\"fusion-button-text awb-button__text awb-button__text--default\">PRESSUPOST GRATU\u00cfT<\/span><\/a><\/div><\/div><\/div><\/div><\/div>\n<\/p>\n","protected":false},"excerpt":{"rendered":"","protected":false},"author":2,"featured_media":0,"parent":553,"menu_order":0,"comment_status":"closed","ping_status":"closed","template":"100-width.php","meta":{"footnotes":""},"class_list":["post-588","page","type-page","status-publish","hentry"],"yoast_head":"<!-- This site is optimized with the Yoast SEO plugin v27.3 - https:\/\/yoast.com\/product\/yoast-seo-wordpress\/ -->\n<title>Traduccions angl\u00e8s - Glosalia<\/title>\n<meta name=\"robots\" content=\"index, follow, max-snippet:-1, max-image-preview:large, max-video-preview:-1\" \/>\n<link rel=\"canonical\" href=\"https:\/\/glosalia.com\/idiomas-de-traduccion\/traduccion-de-ingles\/\" \/>\n<meta property=\"og:locale\" content=\"ca_ES\" \/>\n<meta property=\"og:type\" content=\"article\" \/>\n<meta property=\"og:title\" content=\"Traduccions angl\u00e8s - Glosalia\" \/>\n<meta property=\"og:url\" content=\"https:\/\/glosalia.com\/idiomas-de-traduccion\/traduccion-de-ingles\/\" \/>\n<meta property=\"og:site_name\" content=\"Glosalia\" \/>\n<meta property=\"article:modified_time\" content=\"2023-03-06T15:42:34+00:00\" \/>\n<meta name=\"twitter:card\" content=\"summary_large_image\" \/>\n<meta name=\"twitter:label1\" content=\"Temps estimat de lectura\" \/>\n\t<meta name=\"twitter:data1\" content=\"8 minuts\" \/>\n<script type=\"application\/ld+json\" class=\"yoast-schema-graph\">{\"@context\":\"https:\\\/\\\/schema.org\",\"@graph\":[{\"@type\":\"WebPage\",\"@id\":\"https:\\\/\\\/glosalia.com\\\/idiomas-de-traduccion\\\/traduccion-de-ingles\\\/\",\"url\":\"https:\\\/\\\/glosalia.com\\\/idiomas-de-traduccion\\\/traduccion-de-ingles\\\/\",\"name\":\"Traduccions angl\u00e8s - Glosalia\",\"isPartOf\":{\"@id\":\"https:\\\/\\\/glosalia.com\\\/#website\"},\"datePublished\":\"2023-02-20T15:25:51+00:00\",\"dateModified\":\"2023-03-06T15:42:34+00:00\",\"breadcrumb\":{\"@id\":\"https:\\\/\\\/glosalia.com\\\/idiomas-de-traduccion\\\/traduccion-de-ingles\\\/#breadcrumb\"},\"inLanguage\":\"ca\",\"potentialAction\":[{\"@type\":\"ReadAction\",\"target\":[\"https:\\\/\\\/glosalia.com\\\/idiomas-de-traduccion\\\/traduccion-de-ingles\\\/\"]}]},{\"@type\":\"BreadcrumbList\",\"@id\":\"https:\\\/\\\/glosalia.com\\\/idiomas-de-traduccion\\\/traduccion-de-ingles\\\/#breadcrumb\",\"itemListElement\":[{\"@type\":\"ListItem\",\"position\":1,\"name\":\"Portada\",\"item\":\"https:\\\/\\\/glosalia.com\\\/\"},{\"@type\":\"ListItem\",\"position\":2,\"name\":\"Idiomes\",\"item\":\"https:\\\/\\\/glosalia.com\\\/idiomas-de-traduccion\\\/\"},{\"@type\":\"ListItem\",\"position\":3,\"name\":\"Traduccions angl\u00e8s\"}]},{\"@type\":\"WebSite\",\"@id\":\"https:\\\/\\\/glosalia.com\\\/#website\",\"url\":\"https:\\\/\\\/glosalia.com\\\/\",\"name\":\"Glosalia\",\"description\":\"\",\"potentialAction\":[{\"@type\":\"SearchAction\",\"target\":{\"@type\":\"EntryPoint\",\"urlTemplate\":\"https:\\\/\\\/glosalia.com\\\/?s={search_term_string}\"},\"query-input\":{\"@type\":\"PropertyValueSpecification\",\"valueRequired\":true,\"valueName\":\"search_term_string\"}}],\"inLanguage\":\"ca\"}]}<\/script>\n<!-- \/ Yoast SEO plugin. -->","yoast_head_json":{"title":"Traduccions angl\u00e8s - Glosalia","robots":{"index":"index","follow":"follow","max-snippet":"max-snippet:-1","max-image-preview":"max-image-preview:large","max-video-preview":"max-video-preview:-1"},"canonical":"https:\/\/glosalia.com\/idiomas-de-traduccion\/traduccion-de-ingles\/","og_locale":"ca_ES","og_type":"article","og_title":"Traduccions angl\u00e8s - Glosalia","og_url":"https:\/\/glosalia.com\/idiomas-de-traduccion\/traduccion-de-ingles\/","og_site_name":"Glosalia","article_modified_time":"2023-03-06T15:42:34+00:00","twitter_card":"summary_large_image","twitter_misc":{"Temps estimat de lectura":"8 minuts"},"schema":{"@context":"https:\/\/schema.org","@graph":[{"@type":"WebPage","@id":"https:\/\/glosalia.com\/idiomas-de-traduccion\/traduccion-de-ingles\/","url":"https:\/\/glosalia.com\/idiomas-de-traduccion\/traduccion-de-ingles\/","name":"Traduccions angl\u00e8s - Glosalia","isPartOf":{"@id":"https:\/\/glosalia.com\/#website"},"datePublished":"2023-02-20T15:25:51+00:00","dateModified":"2023-03-06T15:42:34+00:00","breadcrumb":{"@id":"https:\/\/glosalia.com\/idiomas-de-traduccion\/traduccion-de-ingles\/#breadcrumb"},"inLanguage":"ca","potentialAction":[{"@type":"ReadAction","target":["https:\/\/glosalia.com\/idiomas-de-traduccion\/traduccion-de-ingles\/"]}]},{"@type":"BreadcrumbList","@id":"https:\/\/glosalia.com\/idiomas-de-traduccion\/traduccion-de-ingles\/#breadcrumb","itemListElement":[{"@type":"ListItem","position":1,"name":"Portada","item":"https:\/\/glosalia.com\/"},{"@type":"ListItem","position":2,"name":"Idiomes","item":"https:\/\/glosalia.com\/idiomas-de-traduccion\/"},{"@type":"ListItem","position":3,"name":"Traduccions angl\u00e8s"}]},{"@type":"WebSite","@id":"https:\/\/glosalia.com\/#website","url":"https:\/\/glosalia.com\/","name":"Glosalia","description":"","potentialAction":[{"@type":"SearchAction","target":{"@type":"EntryPoint","urlTemplate":"https:\/\/glosalia.com\/?s={search_term_string}"},"query-input":{"@type":"PropertyValueSpecification","valueRequired":true,"valueName":"search_term_string"}}],"inLanguage":"ca"}]}},"_links":{"self":[{"href":"https:\/\/glosalia.com\/ca\/wp-json\/wp\/v2\/pages\/588","targetHints":{"allow":["GET"]}}],"collection":[{"href":"https:\/\/glosalia.com\/ca\/wp-json\/wp\/v2\/pages"}],"about":[{"href":"https:\/\/glosalia.com\/ca\/wp-json\/wp\/v2\/types\/page"}],"author":[{"embeddable":true,"href":"https:\/\/glosalia.com\/ca\/wp-json\/wp\/v2\/users\/2"}],"replies":[{"embeddable":true,"href":"https:\/\/glosalia.com\/ca\/wp-json\/wp\/v2\/comments?post=588"}],"version-history":[{"count":6,"href":"https:\/\/glosalia.com\/ca\/wp-json\/wp\/v2\/pages\/588\/revisions"}],"predecessor-version":[{"id":1104,"href":"https:\/\/glosalia.com\/ca\/wp-json\/wp\/v2\/pages\/588\/revisions\/1104"}],"up":[{"embeddable":true,"href":"https:\/\/glosalia.com\/ca\/wp-json\/wp\/v2\/pages\/553"}],"wp:attachment":[{"href":"https:\/\/glosalia.com\/ca\/wp-json\/wp\/v2\/media?parent=588"}],"curies":[{"name":"wp","href":"https:\/\/api.w.org\/{rel}","templated":true}]}}