{"id":646,"date":"2023-02-15T10:46:21","date_gmt":"2023-02-15T10:46:21","guid":{"rendered":"https:\/\/glosalia.cromamedia.com\/?page_id=646"},"modified":"2023-03-06T10:22:14","modified_gmt":"2023-03-06T10:22:14","slug":"serveis","status":"publish","type":"page","link":"https:\/\/glosalia.com\/ca\/serveis\/","title":{"rendered":"Serveis"},"content":{"rendered":"<p><div class=\"fusion-fullwidth fullwidth-box fusion-builder-row-1 fusion-flex-container has-pattern-background has-mask-background nonhundred-percent-fullwidth non-hundred-percent-height-scrolling\" style=\"--awb-border-radius-top-left:0px;--awb-border-radius-top-right:0px;--awb-border-radius-bottom-right:0px;--awb-border-radius-bottom-left:0px;--awb-flex-wrap:wrap;\" ><div class=\"fusion-builder-row fusion-row fusion-flex-align-items-flex-start fusion-flex-content-wrap\" style=\"max-width:1404px;margin-left: calc(-4% \/ 2 );margin-right: calc(-4% \/ 2 );\"><div class=\"fusion-layout-column fusion_builder_column fusion-builder-column-0 fusion_builder_column_1_2 1_2 fusion-flex-column\" style=\"--awb-bg-size:cover;--awb-width-large:50%;--awb-margin-top-large:0px;--awb-spacing-right-large:3.84%;--awb-margin-bottom-large:20px;--awb-spacing-left-large:3.84%;--awb-width-medium:50%;--awb-order-medium:0;--awb-spacing-right-medium:3.84%;--awb-spacing-left-medium:3.84%;--awb-width-small:100%;--awb-order-small:0;--awb-spacing-right-small:1.92%;--awb-spacing-left-small:1.92%;\"><div class=\"fusion-column-wrapper fusion-column-has-shadow fusion-flex-justify-content-flex-start fusion-content-layout-column\"><div class=\"fusion-text fusion-text-1\"><p>En els <strong>serveis de traducci\u00f3<\/strong>, es considera que una traducci\u00f3 \u00e9s bona quan no es nota que es tracta d\u2019una traducci\u00f3 i, per aix\u00f2, aquest \u00e9s sempre el nostre objectiu final. Aix\u00f2 s\u2019aconsegueix treballant \u00fanicament amb <strong>traductors professionals<\/strong> i seleccionant el traductor m\u00e9s adequat per a cada tipus de text.<\/p>\n<p><strong>Realitzem traduccions professionals de qualsevol tem\u00e0tica i especialitat, entre d\u2019altres:<\/strong><\/p>\n<\/div><ul style=\"--awb-line-height:27.2px;--awb-icon-width:27.2px;--awb-icon-height:27.2px;--awb-icon-margin:11.2px;--awb-content-margin:38.4px;--awb-circlecolor:var(--awb-color4);--awb-circle-yes-font-size:14.08px;\" class=\"fusion-checklist fusion-checklist-1 fusion-checklist-default type-icons\"><li class=\"fusion-li-item\" style=\"\"><span class=\"icon-wrapper circle-yes\"><i class=\"fusion-li-icon fa-random fas\" aria-hidden=\"true\"><\/i><\/span><div class=\"fusion-li-item-content\">\n<p>Traduccions de textos comercials i publicitaris<\/p>\n<\/div><\/li><li class=\"fusion-li-item\" style=\"\"><span class=\"icon-wrapper circle-yes\"><i class=\"fusion-li-icon fa-random fas\" aria-hidden=\"true\"><\/i><\/span><div class=\"fusion-li-item-content\">\n<p><a href=\"https:\/\/glosalia.com\/ca\/serveis\/traduccio-tecnica\/\">Traducci\u00f3 t\u00e8cnica<\/a><\/p>\n<\/div><\/li><li class=\"fusion-li-item\" style=\"\"><span class=\"icon-wrapper circle-yes\"><i class=\"fusion-li-icon fa-random fas\" aria-hidden=\"true\"><\/i><\/span><div class=\"fusion-li-item-content\">\n<p><a href=\"https:\/\/glosalia.com\/ca\/serveis\/traduccio-juridica\/\">Traducci\u00f3 jur\u00eddica<\/a><\/p>\n<\/div><\/li><li class=\"fusion-li-item\" style=\"\"><span class=\"icon-wrapper circle-yes\"><i class=\"fusion-li-icon fa-random fas\" aria-hidden=\"true\"><\/i><\/span><div class=\"fusion-li-item-content\">\n<p>Traducci\u00f3 m\u00e8dica<\/p>\n<\/div><\/li><li class=\"fusion-li-item\" style=\"\"><span class=\"icon-wrapper circle-yes\"><i class=\"fusion-li-icon fa-random fas\" aria-hidden=\"true\"><\/i><\/span><div class=\"fusion-li-item-content\">\n<p>Traducci\u00f3 de textos econ\u00f2mics i financers<\/p>\n<\/div><\/li><li class=\"fusion-li-item\" style=\"\"><span class=\"icon-wrapper circle-yes\"><i class=\"fusion-li-icon fa-random fas\" aria-hidden=\"true\"><\/i><\/span><div class=\"fusion-li-item-content\">\n<p><a href=\"https:\/\/glosalia.com\/ca\/serveis\/traduccio-web\/\">Traducci\u00f3 de p\u00e0gines web i software<\/a><\/p>\n<\/div><\/li><li class=\"fusion-li-item\" style=\"\"><span class=\"icon-wrapper circle-yes\"><i class=\"fusion-li-icon fa-random fas\" aria-hidden=\"true\"><\/i><\/span><div class=\"fusion-li-item-content\">\n<p><a href=\"https:\/\/glosalia.com\/ca\/serveis\/traductors-jurats\/\">Traducci\u00f3 jurada<\/a><\/p>\n<\/div><\/li><\/ul><\/div><\/div><div class=\"fusion-layout-column fusion_builder_column fusion-builder-column-1 fusion_builder_column_1_2 1_2 fusion-flex-column\" style=\"--awb-bg-size:cover;--awb-width-large:50%;--awb-margin-top-large:0px;--awb-spacing-right-large:3.84%;--awb-margin-bottom-large:20px;--awb-spacing-left-large:3.84%;--awb-width-medium:50%;--awb-order-medium:0;--awb-spacing-right-medium:3.84%;--awb-spacing-left-medium:3.84%;--awb-width-small:100%;--awb-order-small:0;--awb-spacing-right-small:1.92%;--awb-spacing-left-small:1.92%;\"><div class=\"fusion-column-wrapper fusion-column-has-shadow fusion-flex-justify-content-flex-start fusion-content-layout-column\"><div class=\"fusion-image-element \" style=\"--awb-caption-title-font-family:var(--h2_typography-font-family);--awb-caption-title-font-weight:var(--h2_typography-font-weight);--awb-caption-title-font-style:var(--h2_typography-font-style);--awb-caption-title-size:var(--h2_typography-font-size);--awb-caption-title-transform:var(--h2_typography-text-transform);--awb-caption-title-line-height:var(--h2_typography-line-height);--awb-caption-title-letter-spacing:var(--h2_typography-letter-spacing);\"><span class=\" fusion-imageframe imageframe-none imageframe-1 hover-type-zoomin\"><img decoding=\"async\" width=\"1024\" height=\"768\" title=\"Servicios_de_traduccion-1024&#215;768\" src=\"https:\/\/glosalia.com\/wp-content\/uploads\/2023\/02\/Servicios_de_traduccion-1024x768-1.jpg\" alt class=\"img-responsive wp-image-442\" srcset=\"https:\/\/glosalia.com\/wp-content\/uploads\/2023\/02\/Servicios_de_traduccion-1024x768-1-200x150.jpg 200w, https:\/\/glosalia.com\/wp-content\/uploads\/2023\/02\/Servicios_de_traduccion-1024x768-1-400x300.jpg 400w, https:\/\/glosalia.com\/wp-content\/uploads\/2023\/02\/Servicios_de_traduccion-1024x768-1-600x450.jpg 600w, https:\/\/glosalia.com\/wp-content\/uploads\/2023\/02\/Servicios_de_traduccion-1024x768-1-800x600.jpg 800w, https:\/\/glosalia.com\/wp-content\/uploads\/2023\/02\/Servicios_de_traduccion-1024x768-1.jpg 1024w\" sizes=\"(max-width: 640px) 100vw, 800px\" \/><\/span><\/div><\/div><\/div><div class=\"fusion-layout-column fusion_builder_column fusion-builder-column-2 fusion_builder_column_1_1 1_1 fusion-flex-column\" style=\"--awb-bg-size:cover;--awb-width-large:100%;--awb-margin-top-large:0px;--awb-spacing-right-large:1.92%;--awb-margin-bottom-large:20px;--awb-spacing-left-large:1.92%;--awb-width-medium:100%;--awb-order-medium:0;--awb-spacing-right-medium:1.92%;--awb-spacing-left-medium:1.92%;--awb-width-small:100%;--awb-order-small:0;--awb-spacing-right-small:1.92%;--awb-spacing-left-small:1.92%;\"><div class=\"fusion-column-wrapper fusion-column-has-shadow fusion-flex-justify-content-flex-start fusion-content-layout-column\"><div class=\"fusion-text fusion-text-2\"><p>Entre els idiomes amb qu\u00e8 treballem habitualment hi ha els seg\u00fcents: angl\u00e8s, franc\u00e8s, alemany, itali\u00e0, portugu\u00e8s, catal\u00e0, gallec, basc, grec, rus, xin\u00e8s, japon\u00e8s, \u00e0rab, polon\u00e8s, dan\u00e8s, suec, turc, etc.<\/p>\n<p>Consulta les nostres tarifes o sol\u00b7licita un pressupost gratu\u00eft de serveis de traducci\u00f3.<\/p>\n<p>Si vols, tamb\u00e9 pots consultar les <a href=\"https:\/\/glosalia.com\/ca\/contacte\/\">Condicions del servei<\/a>.<\/p>\n<\/div><\/div><\/div><\/div><\/div><div class=\"fusion-fullwidth fullwidth-box fusion-builder-row-2 fusion-flex-container has-pattern-background has-mask-background nonhundred-percent-fullwidth non-hundred-percent-height-scrolling\" style=\"--awb-border-radius-top-left:0px;--awb-border-radius-top-right:0px;--awb-border-radius-bottom-right:0px;--awb-border-radius-bottom-left:0px;--awb-padding-top:0%;--awb-margin-top:0%;--awb-background-color:var(--awb-color1);--awb-flex-wrap:wrap;\" ><div class=\"fusion-builder-row fusion-row fusion-flex-align-items-center fusion-flex-justify-content-center fusion-flex-content-wrap\" style=\"max-width:1404px;margin-left: calc(-4% \/ 2 );margin-right: calc(-4% \/ 2 );\"><div class=\"fusion-layout-column fusion_builder_column fusion-builder-column-3 fusion_builder_column_1_1 1_1 fusion-flex-column\" style=\"--awb-padding-top:2%;--awb-padding-right:4%;--awb-padding-bottom:4%;--awb-padding-left:4%;--awb-bg-color:#ededed;--awb-bg-color-hover:#ededed;--awb-bg-size:cover;--awb-width-large:100%;--awb-margin-top-large:0px;--awb-spacing-right-large:1.92%;--awb-margin-bottom-large:20px;--awb-spacing-left-large:1.92%;--awb-width-medium:100%;--awb-order-medium:0;--awb-spacing-right-medium:1.92%;--awb-spacing-left-medium:1.92%;--awb-width-small:100%;--awb-order-small:0;--awb-spacing-right-small:1.92%;--awb-spacing-left-small:1.92%;\"><div class=\"fusion-column-wrapper fusion-column-has-shadow fusion-flex-justify-content-flex-start fusion-content-layout-column\"><div class=\"fusion-text fusion-text-3\"><h3 style=\"text-align: center;\">\u00bfVols que t\u2019enviem un pressupost en menys d\u2019una hora?<\/h3>\n<\/div><div style=\"text-align:center;\"><a class=\"fusion-button button-flat button-medium button-default fusion-button-default button-1 fusion-button-default-span fusion-button-default-type\" target=\"_self\" href=\"https:\/\/glosalia.com\/ca\/contacte\/\"><span class=\"fusion-button-text awb-button__text awb-button__text--default\">PRESSUPOST GRATU\u00cfT<\/span><\/a><\/div><\/div><\/div><\/div><\/div>\n<\/p>\n","protected":false},"excerpt":{"rendered":"","protected":false},"author":2,"featured_media":0,"parent":0,"menu_order":0,"comment_status":"closed","ping_status":"closed","template":"100-width.php","meta":{"footnotes":""},"class_list":["post-646","page","type-page","status-publish","hentry"],"yoast_head":"<!-- This site is optimized with the Yoast SEO plugin v27.3 - https:\/\/yoast.com\/product\/yoast-seo-wordpress\/ -->\n<title>Serveis - Glosalia<\/title>\n<meta name=\"robots\" content=\"index, follow, max-snippet:-1, max-image-preview:large, max-video-preview:-1\" \/>\n<link rel=\"canonical\" href=\"https:\/\/glosalia.com\/servicios\/\" \/>\n<meta property=\"og:locale\" content=\"ca_ES\" \/>\n<meta property=\"og:type\" content=\"article\" \/>\n<meta property=\"og:title\" content=\"Serveis - Glosalia\" \/>\n<meta property=\"og:url\" content=\"https:\/\/glosalia.com\/servicios\/\" \/>\n<meta property=\"og:site_name\" content=\"Glosalia\" \/>\n<meta property=\"article:modified_time\" content=\"2023-03-06T10:22:14+00:00\" \/>\n<meta name=\"twitter:card\" content=\"summary_large_image\" \/>\n<meta name=\"twitter:label1\" content=\"Temps estimat de lectura\" \/>\n\t<meta name=\"twitter:data1\" content=\"11 minuts\" \/>\n<script type=\"application\/ld+json\" class=\"yoast-schema-graph\">{\"@context\":\"https:\\\/\\\/schema.org\",\"@graph\":[{\"@type\":\"WebPage\",\"@id\":\"https:\\\/\\\/glosalia.com\\\/servicios\\\/\",\"url\":\"https:\\\/\\\/glosalia.com\\\/servicios\\\/\",\"name\":\"Serveis - Glosalia\",\"isPartOf\":{\"@id\":\"https:\\\/\\\/glosalia.com\\\/#website\"},\"datePublished\":\"2023-02-15T10:46:21+00:00\",\"dateModified\":\"2023-03-06T10:22:14+00:00\",\"breadcrumb\":{\"@id\":\"https:\\\/\\\/glosalia.com\\\/servicios\\\/#breadcrumb\"},\"inLanguage\":\"ca\",\"potentialAction\":[{\"@type\":\"ReadAction\",\"target\":[\"https:\\\/\\\/glosalia.com\\\/servicios\\\/\"]}]},{\"@type\":\"BreadcrumbList\",\"@id\":\"https:\\\/\\\/glosalia.com\\\/servicios\\\/#breadcrumb\",\"itemListElement\":[{\"@type\":\"ListItem\",\"position\":1,\"name\":\"Portada\",\"item\":\"https:\\\/\\\/glosalia.com\\\/\"},{\"@type\":\"ListItem\",\"position\":2,\"name\":\"Serveis\"}]},{\"@type\":\"WebSite\",\"@id\":\"https:\\\/\\\/glosalia.com\\\/#website\",\"url\":\"https:\\\/\\\/glosalia.com\\\/\",\"name\":\"Glosalia\",\"description\":\"\",\"potentialAction\":[{\"@type\":\"SearchAction\",\"target\":{\"@type\":\"EntryPoint\",\"urlTemplate\":\"https:\\\/\\\/glosalia.com\\\/?s={search_term_string}\"},\"query-input\":{\"@type\":\"PropertyValueSpecification\",\"valueRequired\":true,\"valueName\":\"search_term_string\"}}],\"inLanguage\":\"ca\"}]}<\/script>\n<!-- \/ Yoast SEO plugin. -->","yoast_head_json":{"title":"Serveis - Glosalia","robots":{"index":"index","follow":"follow","max-snippet":"max-snippet:-1","max-image-preview":"max-image-preview:large","max-video-preview":"max-video-preview:-1"},"canonical":"https:\/\/glosalia.com\/servicios\/","og_locale":"ca_ES","og_type":"article","og_title":"Serveis - Glosalia","og_url":"https:\/\/glosalia.com\/servicios\/","og_site_name":"Glosalia","article_modified_time":"2023-03-06T10:22:14+00:00","twitter_card":"summary_large_image","twitter_misc":{"Temps estimat de lectura":"11 minuts"},"schema":{"@context":"https:\/\/schema.org","@graph":[{"@type":"WebPage","@id":"https:\/\/glosalia.com\/servicios\/","url":"https:\/\/glosalia.com\/servicios\/","name":"Serveis - Glosalia","isPartOf":{"@id":"https:\/\/glosalia.com\/#website"},"datePublished":"2023-02-15T10:46:21+00:00","dateModified":"2023-03-06T10:22:14+00:00","breadcrumb":{"@id":"https:\/\/glosalia.com\/servicios\/#breadcrumb"},"inLanguage":"ca","potentialAction":[{"@type":"ReadAction","target":["https:\/\/glosalia.com\/servicios\/"]}]},{"@type":"BreadcrumbList","@id":"https:\/\/glosalia.com\/servicios\/#breadcrumb","itemListElement":[{"@type":"ListItem","position":1,"name":"Portada","item":"https:\/\/glosalia.com\/"},{"@type":"ListItem","position":2,"name":"Serveis"}]},{"@type":"WebSite","@id":"https:\/\/glosalia.com\/#website","url":"https:\/\/glosalia.com\/","name":"Glosalia","description":"","potentialAction":[{"@type":"SearchAction","target":{"@type":"EntryPoint","urlTemplate":"https:\/\/glosalia.com\/?s={search_term_string}"},"query-input":{"@type":"PropertyValueSpecification","valueRequired":true,"valueName":"search_term_string"}}],"inLanguage":"ca"}]}},"_links":{"self":[{"href":"https:\/\/glosalia.com\/ca\/wp-json\/wp\/v2\/pages\/646","targetHints":{"allow":["GET"]}}],"collection":[{"href":"https:\/\/glosalia.com\/ca\/wp-json\/wp\/v2\/pages"}],"about":[{"href":"https:\/\/glosalia.com\/ca\/wp-json\/wp\/v2\/types\/page"}],"author":[{"embeddable":true,"href":"https:\/\/glosalia.com\/ca\/wp-json\/wp\/v2\/users\/2"}],"replies":[{"embeddable":true,"href":"https:\/\/glosalia.com\/ca\/wp-json\/wp\/v2\/comments?post=646"}],"version-history":[{"count":11,"href":"https:\/\/glosalia.com\/ca\/wp-json\/wp\/v2\/pages\/646\/revisions"}],"predecessor-version":[{"id":1057,"href":"https:\/\/glosalia.com\/ca\/wp-json\/wp\/v2\/pages\/646\/revisions\/1057"}],"wp:attachment":[{"href":"https:\/\/glosalia.com\/ca\/wp-json\/wp\/v2\/media?parent=646"}],"curies":[{"name":"wp","href":"https:\/\/api.w.org\/{rel}","templated":true}]}}