{"id":688,"date":"2023-02-17T13:19:50","date_gmt":"2023-02-17T13:19:50","guid":{"rendered":"https:\/\/glosalia.cromamedia.com\/?page_id=688"},"modified":"2025-03-18T15:44:01","modified_gmt":"2025-03-18T15:44:01","slug":"traductors-jurats","status":"publish","type":"page","link":"https:\/\/glosalia.com\/ca\/serveis\/traductors-jurats\/","title":{"rendered":"Traducci\u00f3 jurada"},"content":{"rendered":"<p><div class=\"fusion-fullwidth fullwidth-box fusion-builder-row-1 fusion-flex-container has-pattern-background has-mask-background nonhundred-percent-fullwidth non-hundred-percent-height-scrolling\" style=\"--awb-border-radius-top-left:0px;--awb-border-radius-top-right:0px;--awb-border-radius-bottom-right:0px;--awb-border-radius-bottom-left:0px;--awb-flex-wrap:wrap;\" ><div class=\"fusion-builder-row fusion-row fusion-flex-align-items-flex-start fusion-flex-content-wrap\" style=\"max-width:1404px;margin-left: calc(-4% \/ 2 );margin-right: calc(-4% \/ 2 );\"><div class=\"fusion-layout-column fusion_builder_column fusion-builder-column-0 fusion_builder_column_1_2 1_2 fusion-flex-column\" style=\"--awb-bg-size:cover;--awb-width-large:50%;--awb-margin-top-large:0px;--awb-spacing-right-large:3.84%;--awb-margin-bottom-large:20px;--awb-spacing-left-large:3.84%;--awb-width-medium:50%;--awb-order-medium:0;--awb-spacing-right-medium:3.84%;--awb-spacing-left-medium:3.84%;--awb-width-small:100%;--awb-order-small:0;--awb-spacing-right-small:1.92%;--awb-spacing-left-small:1.92%;\"><div class=\"fusion-column-wrapper fusion-column-has-shadow fusion-flex-justify-content-flex-start fusion-content-layout-column\"><div class=\"fusion-text fusion-text-1\"><p>Est\u00e0s cercant un <strong>traductor jurat<\/strong>? Les traduccions jurades s\u00f3n traduccions realitzades per un traductor oficial nomenat pel Ministeri d\u2019Afers Exteriors espanyol (MAE), la Generalitat de Catalunya o l\u2019autoritat competent del pa\u00eds d\u2019origen del traductor. Aquest tipus de traduccions t\u00e9 validesa oficial i \u00e9s necess\u00e0ria per a documents que s\u2019utilitzen en tr\u00e0mtis que requereixen una especial seguretat jur\u00eddica al pa\u00eds de destinaci\u00f3: poders, escriptures, sent\u00e8ncies, contractes, demandes, certificats de matrimoni o naixement, actes notarials, etc.<\/p>\n<p>Les traduccions jurades es lliuren en paper perqu\u00e8 porten la signatura i el segell del traductor jurat.<\/p>\n<p>Glosalia ofereix serveis de traducci\u00f3 jurada en pr\u00e0cticament qualsevol dels <a href=\"https:\/\/glosalia.com\/ca\/idiomes\/\">idiomes<\/a> acreditats pel MAE: angl\u00e8s, franc\u00e8s, alemany, itali\u00e0, portugu\u00e8s, catal\u00e0, gallec, basc, rus, grec, xin\u00e8s, japon\u00e8s, \u00e0rab, polon\u00e8s, etc.<\/p>\n<p>Sol\u00b7licita un <a href=\"https:\/\/glosalia.com\/ca\/contacte\/\">pressupost gratu\u00eft de traducci\u00f3 jurada<\/a>.<\/p>\n<\/div><\/div><\/div><div class=\"fusion-layout-column fusion_builder_column fusion-builder-column-1 fusion_builder_column_1_2 1_2 fusion-flex-column\" style=\"--awb-bg-size:cover;--awb-width-large:50%;--awb-margin-top-large:0px;--awb-spacing-right-large:3.84%;--awb-margin-bottom-large:20px;--awb-spacing-left-large:3.84%;--awb-width-medium:50%;--awb-order-medium:0;--awb-spacing-right-medium:3.84%;--awb-spacing-left-medium:3.84%;--awb-width-small:100%;--awb-order-small:0;--awb-spacing-right-small:1.92%;--awb-spacing-left-small:1.92%;\"><div class=\"fusion-column-wrapper fusion-column-has-shadow fusion-flex-justify-content-flex-start fusion-content-layout-column\"><div class=\"fusion-image-element \" style=\"--awb-caption-title-font-family:var(--h2_typography-font-family);--awb-caption-title-font-weight:var(--h2_typography-font-weight);--awb-caption-title-font-style:var(--h2_typography-font-style);--awb-caption-title-size:var(--h2_typography-font-size);--awb-caption-title-transform:var(--h2_typography-text-transform);--awb-caption-title-line-height:var(--h2_typography-line-height);--awb-caption-title-letter-spacing:var(--h2_typography-letter-spacing);\"><span class=\" fusion-imageframe imageframe-none imageframe-1 hover-type-zoomin\"><img decoding=\"async\" width=\"613\" height=\"408\" title=\"sello\" src=\"https:\/\/glosalia.com\/wp-content\/uploads\/2023\/02\/sello.jpg\" alt class=\"img-responsive wp-image-448\" srcset=\"https:\/\/glosalia.com\/wp-content\/uploads\/2023\/02\/sello-200x133.jpg 200w, https:\/\/glosalia.com\/wp-content\/uploads\/2023\/02\/sello-400x266.jpg 400w, https:\/\/glosalia.com\/wp-content\/uploads\/2023\/02\/sello-600x399.jpg 600w, https:\/\/glosalia.com\/wp-content\/uploads\/2023\/02\/sello.jpg 613w\" sizes=\"(max-width: 640px) 100vw, 613px\" \/><\/span><\/div><\/div><\/div><\/div><\/div><div class=\"fusion-fullwidth fullwidth-box fusion-builder-row-2 fusion-flex-container has-pattern-background has-mask-background nonhundred-percent-fullwidth non-hundred-percent-height-scrolling\" style=\"--awb-border-radius-top-left:0px;--awb-border-radius-top-right:0px;--awb-border-radius-bottom-right:0px;--awb-border-radius-bottom-left:0px;--awb-padding-top:0%;--awb-margin-top:0%;--awb-background-color:var(--awb-color1);--awb-flex-wrap:wrap;\" ><div class=\"fusion-builder-row fusion-row fusion-flex-align-items-center fusion-flex-justify-content-center fusion-flex-content-wrap\" style=\"max-width:1404px;margin-left: calc(-4% \/ 2 );margin-right: calc(-4% \/ 2 );\"><div class=\"fusion-layout-column fusion_builder_column fusion-builder-column-2 fusion_builder_column_1_1 1_1 fusion-flex-column\" style=\"--awb-padding-top:2%;--awb-padding-right:4%;--awb-padding-bottom:4%;--awb-padding-left:4%;--awb-bg-color:#ededed;--awb-bg-color-hover:#ededed;--awb-bg-size:cover;--awb-width-large:100%;--awb-margin-top-large:0px;--awb-spacing-right-large:1.92%;--awb-margin-bottom-large:20px;--awb-spacing-left-large:1.92%;--awb-width-medium:100%;--awb-order-medium:0;--awb-spacing-right-medium:1.92%;--awb-spacing-left-medium:1.92%;--awb-width-small:100%;--awb-order-small:0;--awb-spacing-right-small:1.92%;--awb-spacing-left-small:1.92%;\"><div class=\"fusion-column-wrapper fusion-column-has-shadow fusion-flex-justify-content-flex-start fusion-content-layout-column\"><div class=\"fusion-text fusion-text-2\"><h3 style=\"text-align: center;\">\u00bfVols que t\u2019enviem un pressupost en menys d\u2019una hora?<\/h3>\n<\/div><div style=\"text-align:center;\"><a class=\"fusion-button button-flat button-medium button-default fusion-button-default button-1 fusion-button-default-span fusion-button-default-type\" target=\"_self\" href=\"https:\/\/glosalia.com\/ca\/contacte\/\"><span class=\"fusion-button-text awb-button__text awb-button__text--default\">PRESSUPOST GRATU\u00cfT<\/span><\/a><\/div><\/div><\/div><\/div><\/div>\n<\/p>\n","protected":false},"excerpt":{"rendered":"","protected":false},"author":2,"featured_media":0,"parent":646,"menu_order":0,"comment_status":"closed","ping_status":"closed","template":"100-width.php","meta":{"footnotes":""},"class_list":["post-688","page","type-page","status-publish","hentry"],"yoast_head":"<!-- This site is optimized with the Yoast SEO plugin v27.3 - https:\/\/yoast.com\/product\/yoast-seo-wordpress\/ -->\n<title>Traducci\u00f3 jurada - Glosalia<\/title>\n<meta name=\"description\" content=\"Traductor jurat firma digital Barcelona - Traductor oficial - Traducci\u00f3 jurada - Traducci\u00f3 oficial signatura digital Barcelona\" \/>\n<meta name=\"robots\" content=\"index, follow, max-snippet:-1, max-image-preview:large, max-video-preview:-1\" \/>\n<link rel=\"canonical\" href=\"https:\/\/glosalia.com\/ca\/serveis\/traductors-jurats\/\" \/>\n<meta property=\"og:locale\" content=\"ca_ES\" \/>\n<meta property=\"og:type\" content=\"article\" \/>\n<meta property=\"og:title\" content=\"Traducci\u00f3 jurada - Glosalia\" \/>\n<meta property=\"og:description\" content=\"Traductor jurat firma digital Barcelona - Traductor oficial - Traducci\u00f3 jurada - Traducci\u00f3 oficial signatura digital Barcelona\" \/>\n<meta property=\"og:url\" content=\"https:\/\/glosalia.com\/ca\/serveis\/traductors-jurats\/\" \/>\n<meta property=\"og:site_name\" content=\"Glosalia\" \/>\n<meta property=\"article:modified_time\" content=\"2025-03-18T15:44:01+00:00\" \/>\n<meta name=\"twitter:card\" content=\"summary_large_image\" \/>\n<meta name=\"twitter:label1\" content=\"Temps estimat de lectura\" \/>\n\t<meta name=\"twitter:data1\" content=\"1 minut\" \/>\n<script type=\"application\/ld+json\" class=\"yoast-schema-graph\">{\"@context\":\"https:\\\/\\\/schema.org\",\"@graph\":[{\"@type\":\"WebPage\",\"@id\":\"https:\\\/\\\/glosalia.com\\\/ca\\\/serveis\\\/traductors-jurats\\\/\",\"url\":\"https:\\\/\\\/glosalia.com\\\/ca\\\/serveis\\\/traductors-jurats\\\/\",\"name\":\"Traducci\u00f3 jurada - Glosalia\",\"isPartOf\":{\"@id\":\"https:\\\/\\\/glosalia.com\\\/#website\"},\"datePublished\":\"2023-02-17T13:19:50+00:00\",\"dateModified\":\"2025-03-18T15:44:01+00:00\",\"description\":\"Traductor jurat firma digital Barcelona - Traductor oficial - Traducci\u00f3 jurada - Traducci\u00f3 oficial signatura digital Barcelona\",\"breadcrumb\":{\"@id\":\"https:\\\/\\\/glosalia.com\\\/ca\\\/serveis\\\/traductors-jurats\\\/#breadcrumb\"},\"inLanguage\":\"ca\",\"potentialAction\":[{\"@type\":\"ReadAction\",\"target\":[\"https:\\\/\\\/glosalia.com\\\/ca\\\/serveis\\\/traductors-jurats\\\/\"]}]},{\"@type\":\"BreadcrumbList\",\"@id\":\"https:\\\/\\\/glosalia.com\\\/ca\\\/serveis\\\/traductors-jurats\\\/#breadcrumb\",\"itemListElement\":[{\"@type\":\"ListItem\",\"position\":1,\"name\":\"Portada\",\"item\":\"https:\\\/\\\/glosalia.com\\\/\"},{\"@type\":\"ListItem\",\"position\":2,\"name\":\"Serveis\",\"item\":\"https:\\\/\\\/glosalia.com\\\/servicios\\\/\"},{\"@type\":\"ListItem\",\"position\":3,\"name\":\"Traducci\u00f3 jurada\"}]},{\"@type\":\"WebSite\",\"@id\":\"https:\\\/\\\/glosalia.com\\\/#website\",\"url\":\"https:\\\/\\\/glosalia.com\\\/\",\"name\":\"Glosalia\",\"description\":\"\",\"potentialAction\":[{\"@type\":\"SearchAction\",\"target\":{\"@type\":\"EntryPoint\",\"urlTemplate\":\"https:\\\/\\\/glosalia.com\\\/?s={search_term_string}\"},\"query-input\":{\"@type\":\"PropertyValueSpecification\",\"valueRequired\":true,\"valueName\":\"search_term_string\"}}],\"inLanguage\":\"ca\"}]}<\/script>\n<!-- \/ Yoast SEO plugin. -->","yoast_head_json":{"title":"Traducci\u00f3 jurada - Glosalia","description":"Traductor jurat firma digital Barcelona - Traductor oficial - Traducci\u00f3 jurada - Traducci\u00f3 oficial signatura digital Barcelona","robots":{"index":"index","follow":"follow","max-snippet":"max-snippet:-1","max-image-preview":"max-image-preview:large","max-video-preview":"max-video-preview:-1"},"canonical":"https:\/\/glosalia.com\/ca\/serveis\/traductors-jurats\/","og_locale":"ca_ES","og_type":"article","og_title":"Traducci\u00f3 jurada - Glosalia","og_description":"Traductor jurat firma digital Barcelona - Traductor oficial - Traducci\u00f3 jurada - Traducci\u00f3 oficial signatura digital Barcelona","og_url":"https:\/\/glosalia.com\/ca\/serveis\/traductors-jurats\/","og_site_name":"Glosalia","article_modified_time":"2025-03-18T15:44:01+00:00","twitter_card":"summary_large_image","twitter_misc":{"Temps estimat de lectura":"1 minut"},"schema":{"@context":"https:\/\/schema.org","@graph":[{"@type":"WebPage","@id":"https:\/\/glosalia.com\/ca\/serveis\/traductors-jurats\/","url":"https:\/\/glosalia.com\/ca\/serveis\/traductors-jurats\/","name":"Traducci\u00f3 jurada - Glosalia","isPartOf":{"@id":"https:\/\/glosalia.com\/#website"},"datePublished":"2023-02-17T13:19:50+00:00","dateModified":"2025-03-18T15:44:01+00:00","description":"Traductor jurat firma digital Barcelona - Traductor oficial - Traducci\u00f3 jurada - Traducci\u00f3 oficial signatura digital Barcelona","breadcrumb":{"@id":"https:\/\/glosalia.com\/ca\/serveis\/traductors-jurats\/#breadcrumb"},"inLanguage":"ca","potentialAction":[{"@type":"ReadAction","target":["https:\/\/glosalia.com\/ca\/serveis\/traductors-jurats\/"]}]},{"@type":"BreadcrumbList","@id":"https:\/\/glosalia.com\/ca\/serveis\/traductors-jurats\/#breadcrumb","itemListElement":[{"@type":"ListItem","position":1,"name":"Portada","item":"https:\/\/glosalia.com\/"},{"@type":"ListItem","position":2,"name":"Serveis","item":"https:\/\/glosalia.com\/servicios\/"},{"@type":"ListItem","position":3,"name":"Traducci\u00f3 jurada"}]},{"@type":"WebSite","@id":"https:\/\/glosalia.com\/#website","url":"https:\/\/glosalia.com\/","name":"Glosalia","description":"","potentialAction":[{"@type":"SearchAction","target":{"@type":"EntryPoint","urlTemplate":"https:\/\/glosalia.com\/?s={search_term_string}"},"query-input":{"@type":"PropertyValueSpecification","valueRequired":true,"valueName":"search_term_string"}}],"inLanguage":"ca"}]}},"_links":{"self":[{"href":"https:\/\/glosalia.com\/ca\/wp-json\/wp\/v2\/pages\/688","targetHints":{"allow":["GET"]}}],"collection":[{"href":"https:\/\/glosalia.com\/ca\/wp-json\/wp\/v2\/pages"}],"about":[{"href":"https:\/\/glosalia.com\/ca\/wp-json\/wp\/v2\/types\/page"}],"author":[{"embeddable":true,"href":"https:\/\/glosalia.com\/ca\/wp-json\/wp\/v2\/users\/2"}],"replies":[{"embeddable":true,"href":"https:\/\/glosalia.com\/ca\/wp-json\/wp\/v2\/comments?post=688"}],"version-history":[{"count":9,"href":"https:\/\/glosalia.com\/ca\/wp-json\/wp\/v2\/pages\/688\/revisions"}],"predecessor-version":[{"id":1390,"href":"https:\/\/glosalia.com\/ca\/wp-json\/wp\/v2\/pages\/688\/revisions\/1390"}],"up":[{"embeddable":true,"href":"https:\/\/glosalia.com\/ca\/wp-json\/wp\/v2\/pages\/646"}],"wp:attachment":[{"href":"https:\/\/glosalia.com\/ca\/wp-json\/wp\/v2\/media?parent=688"}],"curies":[{"name":"wp","href":"https:\/\/api.w.org\/{rel}","templated":true}]}}